{"id":132,"date":"2022-04-08T20:13:00","date_gmt":"2022-04-08T20:13:00","guid":{"rendered":"http:\/\/lenaviertel.de\/?page_id=132"},"modified":"2025-03-05T16:42:22","modified_gmt":"2025-03-05T16:42:22","slug":"hochzeitsfotografie","status":"publish","type":"page","link":"https:\/\/lenaviertel.de\/?page_id=132","title":{"rendered":"Hochzeitsfotografie"},"content":{"rendered":"\n<div class=\"wp-block-columns is-layout-flex wp-container-core-columns-is-layout-1 wp-block-columns-is-layout-flex\">\n<div class=\"wp-block-column is-layout-flow wp-block-column-is-layout-flow\">\n<figure class=\"wp-block-image size-large\"><img loading=\"lazy\" decoding=\"async\" width=\"683\" height=\"1024\" src=\"https:\/\/lenaviertel.de\/wp-content\/uploads\/2025\/03\/IMG_0664-683x1024.jpg\" alt=\"\" class=\"wp-image-289\" srcset=\"https:\/\/lenaviertel.de\/wp-content\/uploads\/2025\/03\/IMG_0664-683x1024.jpg 683w, https:\/\/lenaviertel.de\/wp-content\/uploads\/2025\/03\/IMG_0664-200x300.jpg 200w, https:\/\/lenaviertel.de\/wp-content\/uploads\/2025\/03\/IMG_0664-768x1152.jpg 768w, https:\/\/lenaviertel.de\/wp-content\/uploads\/2025\/03\/IMG_0664-1024x1536.jpg 1024w, https:\/\/lenaviertel.de\/wp-content\/uploads\/2025\/03\/IMG_0664-1365x2048.jpg 1365w, https:\/\/lenaviertel.de\/wp-content\/uploads\/2025\/03\/IMG_0664-scaled.jpg 1707w\" sizes=\"auto, (max-width: 683px) 100vw, 683px\" \/><\/figure>\n<\/div>\n\n\n\n<div class=\"wp-block-column is-layout-flow wp-block-column-is-layout-flow\">\n<p>Wenn zwei Menschen beschlie\u00dfen, den Bund der Ehe einzugehen, steckt viel dahinter. Viele gute und schlechte Tage, viele Emotionen und Gedanken, viel Liebe und Hoffnung, und (meistens) auch mal der ein oder andere Streit.<br>All diese Gegebenheiten haben das Brautpaar zu dem Team gemacht, dass sie heute sind und wie sie die Zukunft miteinander teilen wollen.<br>Ich begleite euch an diesem wundervollen Tag und halte ihn f\u00fcr die Nachwelt fest. Dieser Tag soll euer Tag sein und ich passe mich individuell euren W\u00fcnschen an. Ich begleite euch so lange ihr wollt. Bei der Trauung, bei einem Portrait \u2013 Shooting danach (oder auch davor) und wenn ihr m\u00f6chtet auch auf  der Party danach. Eure G\u00e4ste kommen dabei nat\u00fcrlich auch nicht zu kurz.<\/p>\n<\/div>\n<\/div>\n\n\n\n<div class=\"wp-block-columns is-layout-flex wp-container-core-columns-is-layout-2 wp-block-columns-is-layout-flex\">\n<div class=\"wp-block-column is-layout-flow wp-block-column-is-layout-flow\">\n<p><strong>Kennenlernen<\/strong><br>Auf einer Hochzeit feiert man mit den engsten Freunden und Familie.<br>Genau deswegen, lernen wir uns immer vorab kennen, trinken einen Kaffee o.\u00e4. und unterhalten uns \u00fcber eure Pl\u00e4ne und \u00fcber alles, was uns gerade einf\u00e4llt. So k\u00f6nnen wir sehen, ob wir zusammen passen und an eurem gro\u00dfen Tag l\u00e4uft keine fremde Person herum.<\/p>\n<\/div>\n\n\n\n<div class=\"wp-block-column is-layout-flow wp-block-column-is-layout-flow\">\n<figure class=\"wp-block-image size-large\"><img loading=\"lazy\" decoding=\"async\" width=\"1024\" height=\"683\" src=\"https:\/\/lenaviertel.de\/wp-content\/uploads\/2020\/03\/IMG_0551-1024x683.jpg\" alt=\"\" class=\"wp-image-34\" srcset=\"https:\/\/lenaviertel.de\/wp-content\/uploads\/2020\/03\/IMG_0551-1024x683.jpg 1024w, https:\/\/lenaviertel.de\/wp-content\/uploads\/2020\/03\/IMG_0551-300x200.jpg 300w, https:\/\/lenaviertel.de\/wp-content\/uploads\/2020\/03\/IMG_0551-768x512.jpg 768w, https:\/\/lenaviertel.de\/wp-content\/uploads\/2020\/03\/IMG_0551-1536x1024.jpg 1536w, https:\/\/lenaviertel.de\/wp-content\/uploads\/2020\/03\/IMG_0551-2048x1365.jpg 2048w, https:\/\/lenaviertel.de\/wp-content\/uploads\/2020\/03\/IMG_0551-90x60.jpg 90w\" sizes=\"auto, (max-width: 1024px) 100vw, 1024px\" \/><\/figure>\n<\/div>\n<\/div>\n\n\n\n<div class=\"wp-block-columns is-layout-flex wp-container-core-columns-is-layout-3 wp-block-columns-is-layout-flex\">\n<div class=\"wp-block-column is-layout-flow wp-block-column-is-layout-flow\">\n<figure class=\"wp-block-image size-large\"><img loading=\"lazy\" decoding=\"async\" width=\"1024\" height=\"683\" src=\"https:\/\/lenaviertel.de\/wp-content\/uploads\/2023\/03\/IMG_7989-5-1024x683.jpg\" alt=\"\" class=\"wp-image-260\" srcset=\"https:\/\/lenaviertel.de\/wp-content\/uploads\/2023\/03\/IMG_7989-5-1024x683.jpg 1024w, https:\/\/lenaviertel.de\/wp-content\/uploads\/2023\/03\/IMG_7989-5-300x200.jpg 300w, https:\/\/lenaviertel.de\/wp-content\/uploads\/2023\/03\/IMG_7989-5-768x512.jpg 768w, https:\/\/lenaviertel.de\/wp-content\/uploads\/2023\/03\/IMG_7989-5-1536x1024.jpg 1536w, https:\/\/lenaviertel.de\/wp-content\/uploads\/2023\/03\/IMG_7989-5-2048x1365.jpg 2048w\" sizes=\"auto, (max-width: 1024px) 100vw, 1024px\" \/><\/figure>\n<\/div>\n\n\n\n<div class=\"wp-block-column is-layout-flow wp-block-column-is-layout-flow\">\n<p><strong>Hochzeitsreportage<\/strong><br>Eure Hochzeit ist ein Tag voller Emotionen und ich habe es mir zu meiner Aufgabe gemacht, diese Emotionen f\u00fcr die Ewigkeit festzuhalten.<br>Bei einer Reportage begleite ich euch so lange, wie ihr euch das w\u00fcnscht, gerne so lange wie m\u00f6glich. <br>Der Tag und damit auch meine Arbeit startet, wenn gew\u00fcnscht,  bereits beim &#8222;Getting Ready&#8220;. Die kleinen Tr\u00e4nen, die beim Kleid Anziehen oft kullern, gemeinsam mit dem Lachen, werden von mir festgehalten. <br>Die Trauung ist DER gro\u00dfe Moment und steckt voller sch\u00f6ner Momente. <br>Nach der Trauung beginnen die Begl\u00fcckw\u00fcnschungen und wenn sich alle im Arm hatten und die richtige Location erreicht ist, wird das Brautpaar meistens zu einem Paarshooting &#8222;entf\u00fchrt&#8220;. <\/p>\n<\/div>\n<\/div>\n\n\n\n<div class=\"wp-block-columns is-layout-flex wp-container-core-columns-is-layout-4 wp-block-columns-is-layout-flex\">\n<div class=\"wp-block-column is-layout-flow wp-block-column-is-layout-flow\">\n<p>Auch eure G\u00e4ste kommen nat\u00fcrlich nicht zu kurz, denn nach dem Paarshooting, d\u00fcrfen die G\u00e4ste, wenn gewollt, allein und in Gruppen vor die Kamera.<br>Bei kleinen Begleitungen ist hier langsam der Punkt erreicht, wo ich euch alleine lasse.<br>Eine gr\u00f6\u00dfere Reportage geht aber weiter. Es wird gefeiert, nach dem Essen wird meist vom Brautpaar die Tanzfl\u00e4che er\u00f6ffnet und meistens wird zwischendurch (oft auch gegen Mitternacht) noch die Hochzeitstorte angeschnitten.<\/p>\n\n\n\n<p>Meine Kamera und ich begleiten euch ganz nach euren W\u00fcnschen!<br>Detaillierte Informationen besprechen wir gerne pers\u00f6nlich!<\/p>\n\n\n\n<p>E<em>ure Lena<\/em><\/p>\n<\/div>\n\n\n\n<div class=\"wp-block-column is-layout-flow wp-block-column-is-layout-flow\">\n<figure class=\"wp-block-image size-large\"><img loading=\"lazy\" decoding=\"async\" width=\"683\" height=\"1024\" src=\"https:\/\/lenaviertel.de\/wp-content\/uploads\/2025\/03\/wedding-360-683x1024.jpg\" alt=\"\" class=\"wp-image-288\" srcset=\"https:\/\/lenaviertel.de\/wp-content\/uploads\/2025\/03\/wedding-360-683x1024.jpg 683w, https:\/\/lenaviertel.de\/wp-content\/uploads\/2025\/03\/wedding-360-200x300.jpg 200w, https:\/\/lenaviertel.de\/wp-content\/uploads\/2025\/03\/wedding-360-768x1152.jpg 768w, https:\/\/lenaviertel.de\/wp-content\/uploads\/2025\/03\/wedding-360-1024x1536.jpg 1024w, https:\/\/lenaviertel.de\/wp-content\/uploads\/2025\/03\/wedding-360-1365x2048.jpg 1365w, https:\/\/lenaviertel.de\/wp-content\/uploads\/2025\/03\/wedding-360-scaled.jpg 1707w\" sizes=\"auto, (max-width: 683px) 100vw, 683px\" \/><\/figure>\n<\/div>\n<\/div>\n\n\n\n<p><\/p>\n\n\n\n<p><\/p>\n","protected":false},"excerpt":{"rendered":"<p>Wenn zwei Menschen beschlie\u00dfen, den Bund der Ehe einzugehen, steckt viel dahinter. Viele gute und schlechte Tage, viele Emotionen und Gedanken, viel Liebe und Hoffnung, und (meistens) auch mal der ein oder andere Streit.All diese Gegebenheiten haben das Brautpaar zu dem Team gemacht, dass sie heute sind und wie sie die Zukunft miteinander teilen wollen.Ich begleite euch an diesem wundervollen Tag und halte ihn f\u00fcr die Nachwelt fest. Dieser Tag soll euer Tag sein und ich passe mich individuell euren W\u00fcnschen an. Ich begleite euch so lange ihr wollt. Bei der Trauung, bei einem Portrait \u2013 Shooting danach (oder auch<\/p>\n","protected":false},"author":1,"featured_media":0,"parent":0,"menu_order":0,"comment_status":"closed","ping_status":"closed","template":"","meta":{"footnotes":""},"class_list":["post-132","page","type-page","status-publish","hentry"],"_links":{"self":[{"href":"https:\/\/lenaviertel.de\/index.php?rest_route=\/wp\/v2\/pages\/132","targetHints":{"allow":["GET"]}}],"collection":[{"href":"https:\/\/lenaviertel.de\/index.php?rest_route=\/wp\/v2\/pages"}],"about":[{"href":"https:\/\/lenaviertel.de\/index.php?rest_route=\/wp\/v2\/types\/page"}],"author":[{"embeddable":true,"href":"https:\/\/lenaviertel.de\/index.php?rest_route=\/wp\/v2\/users\/1"}],"replies":[{"embeddable":true,"href":"https:\/\/lenaviertel.de\/index.php?rest_route=%2Fwp%2Fv2%2Fcomments&post=132"}],"version-history":[{"count":9,"href":"https:\/\/lenaviertel.de\/index.php?rest_route=\/wp\/v2\/pages\/132\/revisions"}],"predecessor-version":[{"id":290,"href":"https:\/\/lenaviertel.de\/index.php?rest_route=\/wp\/v2\/pages\/132\/revisions\/290"}],"wp:attachment":[{"href":"https:\/\/lenaviertel.de\/index.php?rest_route=%2Fwp%2Fv2%2Fmedia&parent=132"}],"curies":[{"name":"wp","href":"https:\/\/api.w.org\/{rel}","templated":true}]}}